{"id":1796,"date":"2016-03-21T14:22:15","date_gmt":"2016-03-21T13:22:15","guid":{"rendered":"http:\/\/alpinresidenz.markterwirt.at.w01462fc.kasserver.com\/en\/kontakt\/inhaltsverzeichnis\/"},"modified":"2017-06-30T11:28:52","modified_gmt":"2017-06-30T09:28:52","slug":"contents","status":"publish","type":"page","link":"https:\/\/www.alpen-appartements.at\/en\/contact\/contents\/","title":{"rendered":"Contents"},"content":{"rendered":"<div id=\"wp-realtime-sitemap-menu\"><h3>Menu<\/h3><ul><li id=\"menu-item-18\" class=\"menu-item menu-item-type-post_type menu-item-object-page menu-item-18\"><a href=\"https:\/\/www.alpen-appartements.at\/home\/\">Home<\/a><\/li>\n<li id=\"menu-item-183\" class=\"menu-item menu-item-type-custom menu-item-object-custom menu-item-has-children menu-item-183\"><a href=\"https:\/\/www.alpen-appartements.at\/appartements-altenmarkt-zauchensee\/appartements-preise-zauchensee\/\">Wohnen<\/a>\n<ul class=\"sub-menu\">\n\t<li id=\"menu-item-200\" class=\"menu-item menu-item-type-post_type menu-item-object-page menu-item-200\"><a href=\"https:\/\/www.alpen-appartements.at\/appartements-altenmarkt-zauchensee\/appartements-preise-zauchensee\/\">Appartements &#038; Preise<\/a><\/li>\n\t<li id=\"menu-item-198\" class=\"menu-item menu-item-type-post_type menu-item-object-page menu-item-198\"><a href=\"https:\/\/www.alpen-appartements.at\/appartements-altenmarkt-zauchensee\/verfuegbarkeit\/\">Verf\u00fcgbarkeit<\/a><\/li>\n\t<li id=\"menu-item-1592\" class=\"menu-item menu-item-type-post_type menu-item-object-page menu-item-1592\"><a href=\"https:\/\/www.alpen-appartements.at\/appartements-altenmarkt-zauchensee\/bilder-videos\/\">Bilder &amp; Videos<\/a><\/li>\n\t<li id=\"menu-item-194\" class=\"menu-item menu-item-type-post_type menu-item-object-page menu-item-194\"><a href=\"https:\/\/www.alpen-appartements.at\/appartements-altenmarkt-zauchensee\/buchung-preisrechner\/\">Buchung und Preisrechner<\/a><\/li>\n\t<li id=\"menu-item-186\" class=\"menu-item menu-item-type-post_type menu-item-object-page menu-item-186\"><a href=\"https:\/\/www.alpen-appartements.at\/appartements-altenmarkt-zauchensee\/anfrage\/\">Anfrage<\/a><\/li>\n<\/ul>\n<\/li>\n<li id=\"menu-item-2114\" class=\"menu-item menu-item-type-post_type menu-item-object-page menu-item-2114\"><a href=\"https:\/\/www.alpen-appartements.at\/appartements-altenmarkt-zauchensee\/buchungsinformationen\/\">FAQ<\/a><\/li>\n<li id=\"menu-item-15\" class=\"menu-item menu-item-type-post_type menu-item-object-page menu-item-has-children menu-item-15\"><a href=\"https:\/\/www.alpen-appartements.at\/altenmarkt-zauchensee\/\">Region<\/a>\n<ul class=\"sub-menu\">\n\t<li id=\"menu-item-168\" class=\"menu-item menu-item-type-custom menu-item-object-custom menu-item-has-children menu-item-168\"><a href=\"https:\/\/www.alpen-appartements.at\/altenmarkt-zauchensee\/sommerurlaub-zauchensee-salzburger-land\/\">Aktiv-Urlaub<\/a>\n\t<ul class=\"sub-menu\">\n\t\t<li id=\"menu-item-165\" class=\"menu-item menu-item-type-post_type menu-item-object-page menu-item-165\"><a href=\"https:\/\/www.alpen-appartements.at\/altenmarkt-zauchensee\/sommerurlaub-zauchensee-salzburger-land\/\">Sommergl\u00fcck<\/a><\/li>\n\t\t<li id=\"menu-item-164\" class=\"menu-item menu-item-type-post_type menu-item-object-page menu-item-164\"><a href=\"https:\/\/www.alpen-appartements.at\/altenmarkt-zauchensee\/fliegenfischerurlaub-zauchensee\/\">Petri heil<\/a><\/li>\n\t\t<li id=\"menu-item-163\" class=\"menu-item menu-item-type-post_type menu-item-object-page menu-item-163\"><a href=\"https:\/\/www.alpen-appartements.at\/altenmarkt-zauchensee\/winterurlaub-zauchensee-ski-amade\/\">Winterspa\u00df<\/a><\/li>\n\t\t<li id=\"menu-item-162\" class=\"menu-item menu-item-type-post_type menu-item-object-page menu-item-162\"><a href=\"https:\/\/www.alpen-appartements.at\/altenmarkt-zauchensee\/therme-amade\/\">Therme Amad\u00e9<\/a><\/li>\n\t<\/ul>\n<\/li>\n\t<li id=\"menu-item-169\" class=\"menu-item menu-item-type-custom menu-item-object-custom menu-item-has-children menu-item-169\"><a href=\"https:\/\/www.alpen-appartements.at\/altenmarkt-zauchensee\/ort-altenmarkt-zauchensee\/\">Region<\/a>\n\t<ul class=\"sub-menu\">\n\t\t<li id=\"menu-item-161\" class=\"menu-item menu-item-type-post_type menu-item-object-page menu-item-161\"><a href=\"https:\/\/www.alpen-appartements.at\/altenmarkt-zauchensee\/ort-altenmarkt-zauchensee\/\">Altenmarkt-Zauchensee<\/a><\/li>\n\t\t<li id=\"menu-item-160\" class=\"menu-item menu-item-type-post_type menu-item-object-page menu-item-160\"><a href=\"https:\/\/www.alpen-appartements.at\/altenmarkt-zauchensee\/ausflugsziele\/\">Ausflugsziele<\/a><\/li>\n\t\t<li id=\"menu-item-159\" class=\"menu-item menu-item-type-post_type menu-item-object-page menu-item-159\"><a href=\"https:\/\/www.alpen-appartements.at\/altenmarkt-zauchensee\/veranstaltungskalender\/\">Veranstaltungskalender<\/a><\/li>\n\t\t<li id=\"menu-item-158\" class=\"menu-item menu-item-type-post_type menu-item-object-page menu-item-158\"><a href=\"https:\/\/www.alpen-appartements.at\/altenmarkt-zauchensee\/wetter\/\">Wetter &#038; Webcams<\/a><\/li>\n\t<\/ul>\n<\/li>\n<\/ul>\n<\/li>\n<li id=\"menu-item-1572\" class=\"menu-item menu-item-type-custom menu-item-object-custom menu-item-has-children menu-item-1572\"><a href=\"https:\/\/www.alpen-appartements.at\/kontakt\/kontakt-anreise\/\">Kontakt<\/a>\n<ul class=\"sub-menu\">\n\t<li id=\"menu-item-156\" class=\"menu-item menu-item-type-post_type menu-item-object-page menu-item-156\"><a href=\"https:\/\/www.alpen-appartements.at\/kontakt\/kontakt-anreise\/\">Kontakt &#038; Anreise<\/a><\/li>\n\t<li id=\"menu-item-152\" class=\"menu-item menu-item-type-post_type menu-item-object-page menu-item-152\"><a href=\"https:\/\/www.alpen-appartements.at\/kontakt\/gutscheine\/\">Gutscheine<\/a><\/li>\n\t<li id=\"menu-item-155\" class=\"menu-item menu-item-type-post_type menu-item-object-page menu-item-155\"><a href=\"https:\/\/www.alpen-appartements.at\/kontakt\/links-partner\/\">Links &#038; Partner<\/a><\/li>\n\t<li id=\"menu-item-154\" class=\"menu-item menu-item-type-post_type menu-item-object-page menu-item-154\"><a href=\"https:\/\/www.alpen-appartements.at\/kontakt\/impressum\/\">Impressum<\/a><\/li>\n<\/ul>\n<\/li>\n<\/ul><\/div>\n","protected":false},"excerpt":{"rendered":"MenuHome Wohnen Appartements &#038; Preise Verf\u00fcgbarkeit Bilder &amp; Videos Buchung und Preisrechner Anfrage FAQ Region Aktiv-Urlaub Sommergl\u00fcck Petri heil Winterspa\u00df Therme Amad\u00e9 Region Altenmarkt-Zauchensee Ausflugsziele Veranstaltungskalender Wetter &#038; Webcams Kontakt Kontakt &#038; Anreise Gutscheine Links &#038; Partner Impressum\n<p><a class=\"readmore btn btn-default btn-default btn-block\" href=\"https:\/\/www.alpen-appartements.at\/en\/contact\/contents\/\">Read More<\/a><\/p>","protected":false},"author":1,"featured_media":0,"parent":1791,"menu_order":0,"comment_status":"closed","ping_status":"closed","template":"","meta":{"footnotes":""},"class_list":["post-1796","page","type-page","status-publish","hentry"],"_links":{"self":[{"href":"https:\/\/www.alpen-appartements.at\/en\/wp-json\/wp\/v2\/pages\/1796","targetHints":{"allow":["GET"]}}],"collection":[{"href":"https:\/\/www.alpen-appartements.at\/en\/wp-json\/wp\/v2\/pages"}],"about":[{"href":"https:\/\/www.alpen-appartements.at\/en\/wp-json\/wp\/v2\/types\/page"}],"author":[{"embeddable":true,"href":"https:\/\/www.alpen-appartements.at\/en\/wp-json\/wp\/v2\/users\/1"}],"replies":[{"embeddable":true,"href":"https:\/\/www.alpen-appartements.at\/en\/wp-json\/wp\/v2\/comments?post=1796"}],"version-history":[{"count":2,"href":"https:\/\/www.alpen-appartements.at\/en\/wp-json\/wp\/v2\/pages\/1796\/revisions"}],"predecessor-version":[{"id":1989,"href":"https:\/\/www.alpen-appartements.at\/en\/wp-json\/wp\/v2\/pages\/1796\/revisions\/1989"}],"up":[{"embeddable":true,"href":"https:\/\/www.alpen-appartements.at\/en\/wp-json\/wp\/v2\/pages\/1791"}],"wp:attachment":[{"href":"https:\/\/www.alpen-appartements.at\/en\/wp-json\/wp\/v2\/media?parent=1796"}],"curies":[{"name":"wp","href":"https:\/\/api.w.org\/{rel}","templated":true}]}}